{"id":26,"date":"2026-02-05T20:41:54","date_gmt":"2026-02-05T20:41:54","guid":{"rendered":"http:\/\/bagsofnorway.no\/hjem\/"},"modified":"2026-02-05T22:01:09","modified_gmt":"2026-02-05T22:01:09","slug":"hjem","status":"publish","type":"page","link":"https:\/\/bagsofnorway.no\/en\/","title":{"rendered":"Hjem"},"content":{"rendered":"\n<div class=\"wp-block-group alignfull is-style-ext-preset--group--natural-1--section has-background-background-color has-background has-global-padding is-layout-constrained wp-container-core-group-is-layout-e96f6837 wp-block-group-is-layout-constrained\" style=\"margin-top:0;margin-bottom:0;padding-top:0;padding-right:0;padding-bottom:0;padding-left:0\">\n<div class=\"wp-block-cover alignfull is-style-default\" style=\"padding-top:var(--wp--preset--spacing--70);padding-right:var(--wp--preset--spacing--30);padding-bottom:var(--wp--preset--spacing--70);padding-left:var(--wp--preset--spacing--30);min-height:60vh;aspect-ratio:unset;\"><img decoding=\"async\" class=\"wp-block-cover__image-background wp-image-73\" alt=\"\" src=\"http:\/\/bagsofnorway.no\/wp-content\/uploads\/2026\/02\/aed8587f28c500f947e19929e61eadee4c76f2ea.jpg\" data-object-fit=\"cover\"\/><span aria-hidden=\"true\" class=\"wp-block-cover__background has-background-dim-80 has-background-dim\" style=\"background-color:#010101\"><\/span><div class=\"wp-block-cover__inner-container has-global-padding is-layout-constrained wp-container-core-cover-is-layout-01ff2e39 wp-block-cover-is-layout-constrained\">\n<div class=\"wp-block-group alignwide is-style-ext-preset--group--natural-1--item-card-1--align-start has-foreground-color has-background-background-color has-text-color has-background has-link-color wp-elements-a0752d9ce4e113f195b621d02034458d has-global-padding is-layout-constrained wp-block-group-is-layout-constrained is-style-ext-preset--group--natural-1--item-card-1--align-start--2\" style=\"padding-top:0;padding-bottom:0\">\n<div class=\"wp-block-group alignwide is-style-default has-background-background-color has-background is-vertical is-content-justification-center is-layout-flex wp-container-core-group-is-layout-bc07c4df wp-block-group-is-layout-flex\" style=\"padding-top:var(--wp--preset--spacing--50);padding-right:var(--wp--preset--spacing--50);padding-bottom:var(--wp--preset--spacing--50);padding-left:var(--wp--preset--spacing--50)\">\n<div class=\"wp-block-group has-global-padding is-layout-constrained wp-container-core-group-is-layout-b66068e6 wp-block-group-is-layout-constrained\" style=\"padding-top:0;padding-right:0;padding-bottom:0;padding-left:0\">\n<h1 class=\"wp-block-heading has-text-align-center has-xx-large-font-size\">Velkommen til Bags Of Norway<\/h1>\n\n\n\n<p class=\"has-text-align-center has-foreground-alt-color has-text-color has-link-color wp-elements-1e6abd3b1b0fd68ca8af80a5229e3bcf\" style=\"margin-top:24px;font-size:clamp(14px, 0.875rem + ((1vw - 3.2px) * 0.417), 18px);\">Bags Of Norway viser stolt frem v\u00e5rt unike utvalg av produkter, designet med fokus p\u00e5 kvalitet. Oppdag hvorfor v\u00e5re produkter skiller seg ut i markedet og hvordan vi kan m\u00f8te dine behov med stil og funksjonalitet.<\/p>\n<\/div>\n\n\n\n<div class=\"wp-block-buttons is-layout-flex wp-block-buttons-is-layout-flex\">\n<div class=\"wp-block-button is-style-ext-preset--button--natural-1--button-1 is-style-ext-preset--button--natural-1--button-1--3\"><a class=\"wp-block-button__link wp-element-button\" href=\"http:\/\/bagsofnorway.no\/galleri\/\">Se v\u00e5re produkter<\/a><\/div>\n<\/div>\n<\/div>\n<\/div>\n<\/div><\/div>\n<\/div>\n\n\n\n\n\n\n\n\n\n<div class=\"wp-block-group alignfull is-style-ext-preset--group--natural-1--section has-background-background-color has-background has-global-padding is-layout-constrained wp-container-core-group-is-layout-ffba7dca wp-block-group-is-layout-constrained\" id=\"omtaler\" style=\"margin-top:0;margin-bottom:0;padding-top:var(--wp--preset--spacing--60);padding-bottom:var(--wp--preset--spacing--60)\">\n<div class=\"wp-block-group alignwide is-style-ext-preset--group--natural-1--item-card-1--align-start has-global-padding is-layout-constrained wp-block-group-is-layout-constrained is-style-ext-preset--group--natural-1--item-card-1--align-start--16\">\n<div class=\"wp-block-group alignwide is-style-default has-global-padding is-layout-constrained wp-container-core-group-is-layout-f611be13 wp-block-group-is-layout-constrained\" style=\"padding-top:var(--wp--preset--spacing--50);padding-right:var(--wp--preset--spacing--50);padding-bottom:var(--wp--preset--spacing--50);padding-left:var(--wp--preset--spacing--50)\">\n<figure class=\"wp-block-image aligncenter size-large wp-duotone-primary-foreground\"><img decoding=\"async\" src=\"data:image\/svg+xml;base64,PHN2ZyB3aWR0aD0iMTE2IiBoZWlnaHQ9IjE5IiB2aWV3Qm94PSIwIDAgMTE2IDE5IiBmaWxsPSJub25lIiB4bWxucz0iaHR0cDovL3d3dy53My5vcmcvMjAwMC9zdmciPgo8ZyBjbGlwLXBhdGg9InVybCgjY2xpcDBfMzAyXzE5MTQpIj4KPHBhdGggZD0iTTkuMDcwODggMC42MTIzNDNDOS40MTQ2MiAtMC4yMDQxMTUgMTAuNTg1NCAtMC4yMDQxMTQgMTAuOTI5MSAwLjYxMjM0NkwxMi45NTc5IDUuNDMxMjNDMTMuMTAyOSA1Ljc3NTQzIDEzLjQzMDYgNi4wMTA2MSAxMy44MDY3IDYuMDQwNEwxOS4wNzI3IDYuNDU3NDhDMTkuOTY0OSA2LjUyODE0IDIwLjMyNjcgNy42MjgxMyAxOS42NDY5IDguMjAzNEwxNS42MzQ4IDExLjU5ODdDMTUuMzQ4MiAxMS44NDEyIDE1LjIyMyAxMi4yMjE4IDE1LjMxMDYgMTIuNTg0M0wxNi41MzYzIDE3LjY2MUMxNi43NDQgMTguNTIxMSAxNS43OTY5IDE5LjIwMSAxNS4wMzMgMTguNzQwMUwxMC41MjQ1IDE2LjAxOTZDMTAuMjAyNSAxNS44MjUyIDkuNzk3NSAxNS44MjUyIDkuNDc1NDggMTYuMDE5Nkw0Ljk2Njk5IDE4Ljc0MDFDNC4yMDMxMSAxOS4yMDEgMy4yNTU5NiAxOC41MjExIDMuNDYzNjMgMTcuNjYxTDQuNjg5NDIgMTIuNTg0M0M0Ljc3Njk4IDEyLjIyMTggNC42NTE4MiAxMS44NDEyIDQuMzY1MjYgMTEuNTk4N0wwLjM1MzA2MiA4LjIwMzRDLTAuMzI2NzE4IDcuNjI4MTMgMC4wMzUwNjc5IDYuNTI4MTQgMC45MjcyOTEgNi40NTc0OEw2LjE5MzM2IDYuMDQwNEM2LjU2OTUgNi4wMTA2MSA2Ljg5NzE2IDUuNzc1NDMgNy4wNDIwNyA1LjQzMTIzTDkuMDcwODggMC42MTIzNDNaIiBmaWxsPSIjMjIyMjIyIi8+CjxwYXRoIGQ9Ik0zMy4wNzA5IDAuNjEyMzQzQzMzLjQxNDYgLTAuMjA0MTE1IDM0LjU4NTQgLTAuMjA0MTE0IDM0LjkyOTEgMC42MTIzNDZMMzYuOTU3OSA1LjQzMTIzQzM3LjEwMjkgNS43NzU0MyAzNy40MzA2IDYuMDEwNjEgMzcuODA2NyA2LjA0MDRMNDMuMDcyNyA2LjQ1NzQ4QzQzLjk2NDkgNi41MjgxNCA0NC4zMjY3IDcuNjI4MTMgNDMuNjQ2OSA4LjIwMzRMMzkuNjM0OCAxMS41OTg3QzM5LjM0ODIgMTEuODQxMiAzOS4yMjMgMTIuMjIxOCAzOS4zMTA2IDEyLjU4NDNMNDAuNTM2MyAxNy42NjFDNDAuNzQ0IDE4LjUyMTEgMzkuNzk2OSAxOS4yMDEgMzkuMDMzIDE4Ljc0MDFMMzQuNTI0NSAxNi4wMTk2QzM0LjIwMjUgMTUuODI1MiAzMy43OTc1IDE1LjgyNTIgMzMuNDc1NSAxNi4wMTk2TDI4Ljk2NyAxOC43NDAxQzI4LjIwMzEgMTkuMjAxIDI3LjI1NiAxOC41MjExIDI3LjQ2MzYgMTcuNjYxTDI4LjY4OTQgMTIuNTg0M0MyOC43NzcgMTIuMjIxOCAyOC42NTE4IDExLjg0MTIgMjguMzY1MyAxMS41OTg3TDI0LjM1MzEgOC4yMDM0QzIzLjY3MzMgNy42MjgxMyAyNC4wMzUxIDYuNTI4MTQgMjQuOTI3MyA2LjQ1NzQ4TDMwLjE5MzQgNi4wNDA0QzMwLjU2OTUgNi4wMTA2MSAzMC44OTcyIDUuNzc1NDMgMzEuMDQyMSA1LjQzMTIzTDMzLjA3MDkgMC42MTIzNDNaIiBmaWxsPSIjMjIyMjIyIi8+CjxwYXRoIGQ9Ik01Ny4wNzA5IDAuNjEyMzQzQzU3LjQxNDYgLTAuMjA0MTE1IDU4LjU4NTQgLTAuMjA0MTE0IDU4LjkyOTEgMC42MTIzNDZMNjAuOTU3OSA1LjQzMTIzQzYxLjEwMjkgNS43NzU0MyA2MS40MzA2IDYuMDEwNjEgNjEuODA2NyA2LjA0MDRMNjcuMDcyNyA2LjQ1NzQ4QzY3Ljk2NDkgNi41MjgxNCA2OC4zMjY3IDcuNjI4MTMgNjcuNjQ2OSA4LjIwMzRMNjMuNjM0OCAxMS41OTg3QzYzLjM0ODIgMTEuODQxMiA2My4yMjMgMTIuMjIxOCA2My4zMTA2IDEyLjU4NDNMNjQuNTM2MyAxNy42NjFDNjQuNzQ0IDE4LjUyMTEgNjMuNzk2OSAxOS4yMDEgNjMuMDMzIDE4Ljc0MDFMNTguNTI0NSAxNi4wMTk2QzU4LjIwMjUgMTUuODI1MiA1Ny43OTc1IDE1LjgyNTIgNTcuNDc1NSAxNi4wMTk2TDUyLjk2NyAxOC43NDAxQzUyLjIwMzEgMTkuMjAxIDUxLjI1NiAxOC41MjExIDUxLjQ2MzYgMTcuNjYxTDUyLjY4OTQgMTIuNTg0M0M1Mi43NzcgMTIuMjIxOCA1Mi42NTE4IDExLjg0MTIgNTIuMzY1MyAxMS41OTg3TDQ4LjM1MzEgOC4yMDM0QzQ3LjY3MzMgNy42MjgxMyA0OC4wMzUxIDYuNTI4MTQgNDguOTI3MyA2LjQ1NzQ4TDU0LjE5MzQgNi4wNDA0QzU0LjU2OTUgNi4wMTA2MSA1NC44OTcyIDUuNzc1NDMgNTUuMDQyMSA1LjQzMTIzTDU3LjA3MDkgMC42MTIzNDNaIiBmaWxsPSIjMjIyMjIyIi8+CjxwYXRoIGQ9Ik04MS4wNzA2IDAuNjEyMzQzQzgxLjQxNDQgLTAuMjA0MTE1IDgyLjU4NTEgLTAuMjA0MTE0IDgyLjkyODkgMC42MTIzNDZMODQuOTU3NiA1LjQzMTIzQzg1LjEwMjYgNS43NzU0MyA4NS40MzAzIDYuMDEwNjEgODUuODA2NCA2LjA0MDRMOTEuMDcyNCA2LjQ1NzQ4QzkxLjk2NDYgNi41MjgxNCA5Mi4zMjY0IDcuNjI4MTMgOTEuNjQ2NiA4LjIwMzRMODcuNjM0NSAxMS41OTg3Qzg3LjM0OCAxMS44NDEyIDg3LjIyMjggMTIuMjIxOCA4Ny4zMTAzIDEyLjU4NDNMODguNTM2MSAxNy42NjFDODguNzQzOCAxOC41MjExIDg3Ljc5NjYgMTkuMjAxIDg3LjAzMjggMTguNzQwMUw4Mi41MjQzIDE2LjAxOTZDODIuMjAyMyAxNS44MjUyIDgxLjc5NzMgMTUuODI1MiA4MS40NzUyIDE2LjAxOTZMNzYuOTY2NyAxOC43NDAxQzc2LjIwMjkgMTkuMjAxIDc1LjI1NTcgMTguNTIxMSA3NS40NjM0IDE3LjY2MUw3Ni42ODkyIDEyLjU4NDNDNzYuNzc2NyAxMi4yMjE4IDc2LjY1MTYgMTEuODQxMiA3Ni4zNjUgMTEuNTk4N0w3Mi4zNTI4IDguMjAzNEM3MS42NzMgNy42MjgxMyA3Mi4wMzQ4IDYuNTI4MTQgNzIuOTI3IDYuNDU3NDhMNzguMTkzMSA2LjA0MDRDNzguNTY5MyA2LjAxMDYxIDc4Ljg5NjkgNS43NzU0MyA3OS4wNDE4IDUuNDMxMjNMODEuMDcwNiAwLjYxMjM0M1oiIGZpbGw9IiMyMjIyMjIiLz4KPHBhdGggZD0iTTEwNS4wNzEgMC42MTIzNDNDMTA1LjQxNCAtMC4yMDQxMTUgMTA2LjU4NSAtMC4yMDQxMTQgMTA2LjkyOSAwLjYxMjM0NkwxMDguOTU4IDUuNDMxMjNDMTA5LjEwMyA1Ljc3NTQzIDEwOS40MyA2LjAxMDYxIDEwOS44MDYgNi4wNDA0TDExNS4wNzIgNi40NTc0OEMxMTUuOTY1IDYuNTI4MTQgMTE2LjMyNiA3LjYyODEzIDExNS42NDcgOC4yMDM0TDExMS42MzUgMTEuNTk4N0MxMTEuMzQ4IDExLjg0MTIgMTExLjIyMyAxMi4yMjE4IDExMS4zMSAxMi41ODQzTDExMi41MzYgMTcuNjYxQzExMi43NDQgMTguNTIxMSAxMTEuNzk3IDE5LjIwMSAxMTEuMDMzIDE4Ljc0MDFMMTA2LjUyNCAxNi4wMTk2QzEwNi4yMDIgMTUuODI1MiAxMDUuNzk3IDE1LjgyNTIgMTA1LjQ3NSAxNi4wMTk2TDEwMC45NjcgMTguNzQwMUMxMDAuMjAzIDE5LjIwMSA5OS4yNTU3IDE4LjUyMTEgOTkuNDYzNCAxNy42NjFMMTAwLjY4OSAxMi41ODQzQzEwMC43NzcgMTIuMjIxOCAxMDAuNjUyIDExLjg0MTIgMTAwLjM2NSAxMS41OTg3TDk2LjM1MjggOC4yMDM0Qzk1LjY3MyA3LjYyODEzIDk2LjAzNDggNi41MjgxNCA5Ni45MjcgNi40NTc0OEwxMDIuMTkzIDYuMDQwNEMxMDIuNTY5IDYuMDEwNjEgMTAyLjg5NyA1Ljc3NTQzIDEwMy4wNDIgNS40MzEyM0wxMDUuMDcxIDAuNjEyMzQzWiIgZmlsbD0iIzIyMjIyMiIvPgo8L2c+CjxkZWZzPgo8Y2xpcFBhdGggaWQ9ImNsaXAwXzMwMl8xOTE0Ij4KPHJlY3Qgd2lkdGg9IjExNiIgaGVpZ2h0PSIxOC44ODg5IiBmaWxsPSJ3aGl0ZSIvPgo8L2NsaXBQYXRoPgo8L2RlZnM+Cjwvc3ZnPgo=\" alt=\"\"\/><\/figure>\n\n\n\n<p class=\"has-text-align-center\" style=\"margin-top:var(--wp--preset--spacing--30);margin-bottom:24px;font-size:clamp(14px, 0.875rem + ((1vw - 3.2px) * 0.625), 20px);font-style:normal;font-weight:600\">&laquo;Bags Of Norway leverer f\u00f8rsteklasses produkter med fokus p\u00e5 kvalitet og tidl\u00f8st design.&raquo;<\/p>\n\n\n<\/div>\n<\/div>\n<\/div>\n\n\n\n<div class=\"wp-block-group alignfull is-style-ext-preset--group--natural-1--section has-tertiary-background-color has-background has-global-padding is-layout-constrained wp-block-group-is-layout-constrained\" id=\"kontakt\" style=\"margin-top:0;margin-bottom:0;padding-top:var(--wp--preset--spacing--70);padding-bottom:var(--wp--preset--spacing--70)\">\n<div class=\"wp-block-media-text alignwide has-media-on-the-right is-stacked-on-mobile is-image-fill-element is-style-ext-preset--media-text--natural-1--card-1 has-background-background-color has-background is-style-ext-preset--media-text--natural-1--card-1--18\" style=\"grid-template-columns:auto 48%\"><div class=\"wp-block-media-text__content\">\n<div class=\"wp-block-group alignwide has-global-padding is-layout-constrained wp-container-core-group-is-layout-48493932 wp-block-group-is-layout-constrained\" style=\"padding-top:var(--wp--preset--spacing--55);padding-right:var(--wp--preset--spacing--55);padding-bottom:var(--wp--preset--spacing--55);padding-left:var(--wp--preset--spacing--55)\"><div class=\"wpforms-container wpforms-block wpforms-block-406c62bf-d413-4f54-9e34-6ea96a36e1dd wpforms-render-modern\" id=\"wpforms-19\"><form id=\"wpforms-form-19\" class=\"wpforms-validate wpforms-form wpforms-ajax-form\" data-formid=\"19\" method=\"post\" enctype=\"multipart\/form-data\" action=\"\/en\/wp-json\/wp\/v2\/pages\/26\" data-token=\"3e0063f794b287bf1671fc9801359392\" data-token-time=\"1775390196\"><noscript class=\"wpforms-error-noscript\">Please enable JavaScript in your browser to complete this form.<\/noscript><div id=\"wpforms-error-noscript\" style=\"display: none;\">Please enable JavaScript in your browser to complete this form.<\/div><div class=\"wpforms-field-container\"><div id=\"wpforms-19-field_1-container\" class=\"wpforms-field wpforms-field-name\" data-field-id=\"1\"><label class=\"wpforms-field-label\" for=\"wpforms-19-field_1\">Navn <span class=\"wpforms-required-label\" aria-hidden=\"true\">*<\/span><\/label><input type=\"text\" id=\"wpforms-19-field_1\" class=\"wpforms-field-large wpforms-field-required\" name=\"wpforms[fields][1]\" aria-errormessage=\"wpforms-19-field_1-error\" required><\/div><div id=\"wpforms-19-field_2-container\" class=\"wpforms-field wpforms-field-email\" data-field-id=\"2\"><label class=\"wpforms-field-label\" for=\"wpforms-19-field_2\">E-post <span class=\"wpforms-required-label\" aria-hidden=\"true\">*<\/span><\/label><input type=\"email\" id=\"wpforms-19-field_2\" class=\"wpforms-field-large wpforms-field-required\" name=\"wpforms[fields][2]\" spellcheck=\"false\" aria-errormessage=\"wpforms-19-field_2-error\" required><\/div>\t\t<div id=\"wpforms-19-field_5-container\"\n\t\t\tclass=\"wpforms-field wpforms-field-text\"\n\t\t\tdata-field-type=\"text\"\n\t\t\tdata-field-id=\"5\"\n\t\t\t>\n\t\t\t<label class=\"wpforms-field-label\" for=\"wpforms-19-field_5\" >Navn Melding E-post<\/label>\n\t\t\t<input type=\"text\" id=\"wpforms-19-field_5\" class=\"wpforms-field-medium\" name=\"wpforms[fields][5]\" >\n\t\t<\/div>\n\t\t<div id=\"wpforms-19-field_3-container\" class=\"wpforms-field wpforms-field-text\" data-field-id=\"3\"><label class=\"wpforms-field-label\" for=\"wpforms-19-field_3\">Emne<\/label><input type=\"text\" id=\"wpforms-19-field_3\" class=\"wpforms-field-large\" name=\"wpforms[fields][3]\" aria-errormessage=\"wpforms-19-field_3-error\" ><\/div><div id=\"wpforms-19-field_4-container\" class=\"wpforms-field wpforms-field-textarea\" data-field-id=\"4\"><label class=\"wpforms-field-label\" for=\"wpforms-19-field_4\">Melding <span class=\"wpforms-required-label\" aria-hidden=\"true\">*<\/span><\/label><textarea id=\"wpforms-19-field_4\" class=\"wpforms-field-large wpforms-field-required\" name=\"wpforms[fields][4]\" aria-errormessage=\"wpforms-19-field_4-error\" required><\/textarea><\/div><script>\n\t\t\t\t( function() {\n\t\t\t\t\tconst style = document.createElement( 'style' );\n\t\t\t\t\tstyle.appendChild( document.createTextNode( '#wpforms-19-field_5-container { position: absolute !important; overflow: hidden !important; display: inline !important; height: 1px !important; width: 1px !important; z-index: -1000 !important; padding: 0 !important; } #wpforms-19-field_5-container input { visibility: hidden; } #wpforms-conversational-form-page #wpforms-19-field_5-container label { counter-increment: none; }' ) );\n\t\t\t\t\tdocument.head.appendChild( style );\n\t\t\t\t\tdocument.currentScript?.remove();\n\t\t\t\t} )();\n\t\t\t<\/script><\/div><!-- .wpforms-field-container --><div class=\"wpforms-submit-container\" ><input type=\"hidden\" name=\"wpforms[id]\" value=\"19\"><input type=\"hidden\" name=\"page_title\" value=\"\"><input type=\"hidden\" name=\"page_url\" value=\"https:\/\/bagsofnorway.no\/en\/wp-json\/wp\/v2\/pages\/26\"><input type=\"hidden\" name=\"url_referer\" value=\"\"><button type=\"submit\" name=\"wpforms[submit]\" id=\"wpforms-submit-19\" class=\"wpforms-submit\" data-alt-text=\"Sending...\" data-submit-text=\"Submit\" aria-live=\"assertive\" value=\"wpforms-submit\">Submit<\/button><img loading=\"lazy\" decoding=\"async\" src=\"https:\/\/bagsofnorway.no\/wp-content\/plugins\/wpforms-lite\/assets\/images\/submit-spin.svg\" class=\"wpforms-submit-spinner\" style=\"display: none;\" width=\"26\" height=\"26\" alt=\"Loading\"><\/div><\/form><\/div>  <!-- .wpforms-container --><\/div>\n<\/div><figure class=\"wp-block-media-text__media\"><img decoding=\"async\" src=\"http:\/\/bagsofnorway.no\/wp-content\/uploads\/2026\/02\/DB16301.png\" alt=\"\" class=\"wp-image-32 size-full\" style=\"object-position:50% 50%\"\/><\/figure><\/div>\n<\/div>\n","protected":false},"excerpt":{"rendered":"<p>Unike vesker med norsk h\u00e5ndverk This section provides a detailed and comprehensive overview of your company\u2019s mission, values, and history. It highlights the key principles and values that drive the purpose, goals, and long-term success of your brand and business operations. Eksklusiv kvalitet i hvert eneste sting Velkommen til Bags Of Norway \u2013 utforsk v\u00e5r [&hellip;]<\/p>\n","protected":false},"author":1,"featured_media":0,"parent":0,"menu_order":0,"comment_status":"closed","ping_status":"closed","template":"no-title","meta":{"pagelayer_contact_templates":[],"_pagelayer_content":"","_monsterinsights_skip_tracking":false,"_monsterinsights_sitenote_active":false,"_monsterinsights_sitenote_note":"","_monsterinsights_sitenote_category":0,"footnotes":""},"class_list":["post-26","page","type-page","status-publish","hentry"],"aioseo_notices":[],"_links":{"self":[{"href":"https:\/\/bagsofnorway.no\/en\/wp-json\/wp\/v2\/pages\/26","targetHints":{"allow":["GET"]}}],"collection":[{"href":"https:\/\/bagsofnorway.no\/en\/wp-json\/wp\/v2\/pages"}],"about":[{"href":"https:\/\/bagsofnorway.no\/en\/wp-json\/wp\/v2\/types\/page"}],"author":[{"embeddable":true,"href":"https:\/\/bagsofnorway.no\/en\/wp-json\/wp\/v2\/users\/1"}],"replies":[{"embeddable":true,"href":"https:\/\/bagsofnorway.no\/en\/wp-json\/wp\/v2\/comments?post=26"}],"version-history":[{"count":6,"href":"https:\/\/bagsofnorway.no\/en\/wp-json\/wp\/v2\/pages\/26\/revisions"}],"predecessor-version":[{"id":100,"href":"https:\/\/bagsofnorway.no\/en\/wp-json\/wp\/v2\/pages\/26\/revisions\/100"}],"wp:attachment":[{"href":"https:\/\/bagsofnorway.no\/en\/wp-json\/wp\/v2\/media?parent=26"}],"curies":[{"name":"wp","href":"https:\/\/api.w.org\/{rel}","templated":true}]}}